{"id":27,"date":"2023-04-07T12:13:31","date_gmt":"2023-04-07T12:13:31","guid":{"rendered":"https:\/\/www.reipinvesiosuuskunta.fi\/?page_id=27"},"modified":"2023-09-22T04:03:03","modified_gmt":"2023-09-22T04:03:03","slug":"osuuskunnan-saannot","status":"publish","type":"page","link":"https:\/\/www.reipinvesiosuuskunta.fi\/?page_id=27","title":{"rendered":"S\u00e4\u00e4nn\u00f6t"},"content":{"rendered":"\n<p>Vesiosuuskunnan s\u00e4\u00e4nn\u00f6t<\/p>\n\n\n\n<div data-wp-interactive=\"\" class=\"wp-block-file\"><object data-wp-bind--hidden=\"!selectors.core.file.hasPdfPreview\" hidden class=\"wp-block-file__embed\" data=\"https:\/\/www.reipinvesiosuuskunta.fi\/wp-content\/uploads\/2023\/09\/doc.pdf\" type=\"application\/pdf\" style=\"width:100%;height:930px\" aria-label=\"Tiedoston vesiosuuskunnan s\u00e4\u00e4nn\u00f6t.doc upotus.\"><\/object><a id=\"wp-block-file--media-e19109c9-6476-4d76-bafb-c96fa94cdf7d\" href=\"https:\/\/www.reipinvesiosuuskunta.fi\/wp-content\/uploads\/2023\/09\/doc.pdf\">vesiosuuskunnan s\u00e4\u00e4nn\u00f6t.doc<\/a><a href=\"https:\/\/www.reipinvesiosuuskunta.fi\/wp-content\/uploads\/2023\/09\/doc.pdf\" class=\"wp-block-file__button wp-element-button\" download aria-describedby=\"wp-block-file--media-e19109c9-6476-4d76-bafb-c96fa94cdf7d\">Lataa<\/a><\/div>\n\n\n\n<p><\/p>\n","protected":false},"excerpt":{"rendered":"<p>Vesiosuuskunnan s\u00e4\u00e4nn\u00f6t<\/p>\n","protected":false},"author":1,"featured_media":0,"parent":0,"menu_order":0,"comment_status":"closed","ping_status":"closed","template":"","meta":{"footnotes":""},"_links":{"self":[{"href":"https:\/\/www.reipinvesiosuuskunta.fi\/index.php?rest_route=\/wp\/v2\/pages\/27"}],"collection":[{"href":"https:\/\/www.reipinvesiosuuskunta.fi\/index.php?rest_route=\/wp\/v2\/pages"}],"about":[{"href":"https:\/\/www.reipinvesiosuuskunta.fi\/index.php?rest_route=\/wp\/v2\/types\/page"}],"author":[{"embeddable":true,"href":"https:\/\/www.reipinvesiosuuskunta.fi\/index.php?rest_route=\/wp\/v2\/users\/1"}],"replies":[{"embeddable":true,"href":"https:\/\/www.reipinvesiosuuskunta.fi\/index.php?rest_route=%2Fwp%2Fv2%2Fcomments&post=27"}],"version-history":[{"count":4,"href":"https:\/\/www.reipinvesiosuuskunta.fi\/index.php?rest_route=\/wp\/v2\/pages\/27\/revisions"}],"predecessor-version":[{"id":155,"href":"https:\/\/www.reipinvesiosuuskunta.fi\/index.php?rest_route=\/wp\/v2\/pages\/27\/revisions\/155"}],"wp:attachment":[{"href":"https:\/\/www.reipinvesiosuuskunta.fi\/index.php?rest_route=%2Fwp%2Fv2%2Fmedia&parent=27"}],"curies":[{"name":"wp","href":"https:\/\/api.w.org\/{rel}","templated":true}]}}