{"id":29,"date":"2023-04-07T12:14:14","date_gmt":"2023-04-07T12:14:14","guid":{"rendered":"https:\/\/www.reipinvesiosuuskunta.fi\/?page_id=29"},"modified":"2026-01-02T14:08:16","modified_gmt":"2026-01-02T14:08:16","slug":"laskutus-ja-hinnasto","status":"publish","type":"page","link":"https:\/\/www.reipinvesiosuuskunta.fi\/?page_id=29","title":{"rendered":"Laskutus ja hinnasto"},"content":{"rendered":"\n<h2 class=\"wp-block-heading\">HINNASTO 01.01.2026<\/h2>\n\n\n\n<h3 class=\"wp-block-heading\">K\u00c4YTT\u00d6MAKSUT<\/h3>\n\n\n\n<p>S\u00e4\u00e4nn\u00f6nmukainen vesilaskutus 2 kertaa vuodessa.<\/p>\n\n\n\n<p>K\u00e4ytt\u00f6maksu perit\u00e4\u00e4n talousvedest\u00e4 seuraavasti:<\/p>\n\n\n\n<figure class=\"wp-block-table\"><table><tbody><tr><td><strong>Yksikk\u00f6hinta<\/strong><\/td><td><strong>\u20ac \/ m\u00b3 (alv 25,5 %)<\/strong><\/td><\/tr><tr><td><strong>1 m\u00b3 <\/strong><\/td><td><strong>2,5 \u20ac<\/strong><\/td><\/tr><tr><td><strong>Perusmaksu<\/strong> <strong>kuukaudessa<\/strong><\/td><td><strong>10,0 \u20ac<\/strong><\/td><\/tr><\/tbody><\/table><\/figure>\n","protected":false},"excerpt":{"rendered":"<p>HINNASTO 01.01.2026 K\u00c4YTT\u00d6MAKSUT S\u00e4\u00e4nn\u00f6nmukainen vesilaskutus 2 kertaa vuodessa. K\u00e4ytt\u00f6maksu perit\u00e4\u00e4n talousvedest\u00e4 seuraavasti: Yksikk\u00f6hinta \u20ac \/ m\u00b3 (alv 25,5 %) 1 m\u00b3 2,5 \u20ac Perusmaksu kuukaudessa 10,0 \u20ac<\/p>\n","protected":false},"author":1,"featured_media":0,"parent":0,"menu_order":0,"comment_status":"closed","ping_status":"closed","template":"","meta":{"footnotes":""},"_links":{"self":[{"href":"https:\/\/www.reipinvesiosuuskunta.fi\/index.php?rest_route=\/wp\/v2\/pages\/29"}],"collection":[{"href":"https:\/\/www.reipinvesiosuuskunta.fi\/index.php?rest_route=\/wp\/v2\/pages"}],"about":[{"href":"https:\/\/www.reipinvesiosuuskunta.fi\/index.php?rest_route=\/wp\/v2\/types\/page"}],"author":[{"embeddable":true,"href":"https:\/\/www.reipinvesiosuuskunta.fi\/index.php?rest_route=\/wp\/v2\/users\/1"}],"replies":[{"embeddable":true,"href":"https:\/\/www.reipinvesiosuuskunta.fi\/index.php?rest_route=%2Fwp%2Fv2%2Fcomments&post=29"}],"version-history":[{"count":5,"href":"https:\/\/www.reipinvesiosuuskunta.fi\/index.php?rest_route=\/wp\/v2\/pages\/29\/revisions"}],"predecessor-version":[{"id":165,"href":"https:\/\/www.reipinvesiosuuskunta.fi\/index.php?rest_route=\/wp\/v2\/pages\/29\/revisions\/165"}],"wp:attachment":[{"href":"https:\/\/www.reipinvesiosuuskunta.fi\/index.php?rest_route=%2Fwp%2Fv2%2Fmedia&parent=29"}],"curies":[{"name":"wp","href":"https:\/\/api.w.org\/{rel}","templated":true}]}}