{"id":44,"date":"2023-04-09T05:52:08","date_gmt":"2023-04-09T05:52:08","guid":{"rendered":"https:\/\/www.reipinvesiosuuskunta.fi\/?page_id=44"},"modified":"2023-08-31T14:59:27","modified_gmt":"2023-08-31T14:59:27","slug":"hallitus","status":"publish","type":"page","link":"https:\/\/www.reipinvesiosuuskunta.fi\/?page_id=44","title":{"rendered":"Hallitus"},"content":{"rendered":"\n<p>Osuuskunnan hallinnossa ylint\u00e4 p\u00e4\u00e4t\u00e4nt\u00e4valtaa k\u00e4ytt\u00e4\u00e4 j\u00e4senist\u00f6, joka osuuskuntakokouksessa p\u00e4\u00e4tt\u00e4\u00e4 s\u00e4\u00e4nt\u00f6m\u00e4\u00e4r\u00e4isist\u00e4 asioista ja valitsee osuuskunnalle hallituksen.<\/p>\n\n\n\n<p><\/p>\n\n\n\n<p><\/p>\n\n\n\n<p>Hallitus<\/p>\n\n\n\n<figure class=\"wp-block-table\"><table><tbody><tr><td>puheenjohtaja<\/td><td>Pirjo Kivel\u00e4, 041 440 8560<\/td><\/tr><tr><td>varapuheenjohtaja<\/td><td>Jennica Kortesmaa<\/td><\/tr><tr><td>sihteeri<\/td><td>Pasi Ilom\u00e4ki<\/td><\/tr><tr><td>j\u00e4sen<\/td><td>Matti Hakam\u00e4ki<\/td><\/tr><tr><td>j\u00e4sen<\/td><td>Heikki Kastari<\/td><\/tr><tr><td>j\u00e4sen<\/td><td>Matti Koskinen<\/td><\/tr><\/tbody><\/table><\/figure>\n\n\n\n<p><a href=\"https:\/\/www.reipinvesiosuuskunta.fi\/?page_id=36\" data-type=\"URL\" data-id=\"https:\/\/www.reipinvesiosuuskunta.fi\/?page_id=36\" target=\"_blank\" rel=\"noreferrer noopener\">Kartat vain hallituksen j\u00e4senille.<\/a><\/p>\n\n\n\n<div class=\"wp-block-group alignfull is-layout-constrained wp-block-group-is-layout-constrained\"><div class=\"wp-block-group__inner-container\">\n<div class=\"wp-block-group alignfull is-content-justification-space-between is-layout-flex wp-container-core-group-layout-3 wp-block-group-is-layout-flex\" style=\"padding-top:var(--wp--preset--spacing--30);padding-right:var(--wp--preset--spacing--30);padding-bottom:var(--wp--preset--spacing--30);padding-left:var(--wp--preset--spacing--30)\">\n<div class=\"wp-block-group is-layout-flex wp-block-group-is-layout-flex\">\n\n\n<div class=\"wp-block-group is-vertical is-layout-flex wp-container-core-group-layout-1 wp-block-group-is-layout-flex\"><h1 class=\"has-link-color wp-block-site-title has-medium-font-size wp-elements-234e57400cf5587740bb7caa261d6fc4\"><a href=\"https:\/\/www.reipinvesiosuuskunta.fi\" target=\"_self\" rel=\"home\">Reipin Vesiosuuskunta<\/a><\/h1><\/div>\n<\/div>\n\n\n<nav class=\"is-responsive items-justified-right wp-block-navigation is-content-justification-right is-layout-flex wp-container-core-navigation-layout-1 wp-block-navigation-is-layout-flex\" aria-label=\"Ensisijainen valikko\" \n\t\t\tdata-wp-interactive\n\t\t\tdata-wp-context='{\"core\":{\"navigation\":{\"overlayOpenedBy\":[],\"type\":\"overlay\",\"roleAttribute\":\"\",\"ariaLabel\":\"Valikko\"}}}'\n\t\t><button aria-haspopup=\"true\" aria-label=\"Avaa valikko\" class=\"wp-block-navigation__responsive-container-open \" \n\t\t\tdata-wp-on--click=\"actions.core.navigation.openMenuOnClick\"\n\t\t\tdata-wp-on--keydown=\"actions.core.navigation.handleMenuKeydown\"\n\t\t><svg width=\"24\" height=\"24\" xmlns=\"http:\/\/www.w3.org\/2000\/svg\" viewBox=\"0 0 24 24\" aria-hidden=\"true\" focusable=\"false\"><rect x=\"4\" y=\"7.5\" width=\"16\" height=\"1.5\" \/><rect x=\"4\" y=\"15\" width=\"16\" height=\"1.5\" \/><\/svg><\/button>\n\t\t\t<div class=\"wp-block-navigation__responsive-container  \" style=\"\" id=\"modal-1\" \n\t\t\tdata-wp-class--has-modal-open=\"selectors.core.navigation.isMenuOpen\"\n\t\t\tdata-wp-class--is-menu-open=\"selectors.core.navigation.isMenuOpen\"\n\t\t\tdata-wp-effect=\"effects.core.navigation.initMenu\"\n\t\t\tdata-wp-on--keydown=\"actions.core.navigation.handleMenuKeydown\"\n\t\t\tdata-wp-on--focusout=\"actions.core.navigation.handleMenuFocusout\"\n\t\t\ttabindex=\"-1\"\n\t\t>\n\t\t\t\t<div class=\"wp-block-navigation__responsive-close\" tabindex=\"-1\">\n\t\t\t\t\t<div class=\"wp-block-navigation__responsive-dialog\" \n\t\t\tdata-wp-bind--aria-modal=\"selectors.core.navigation.ariaModal\"\n\t\t\tdata-wp-bind--aria-label=\"selectors.core.navigation.ariaLabel\"\n\t\t\tdata-wp-bind--role=\"selectors.core.navigation.roleAttribute\"\n\t\t\tdata-wp-effect=\"effects.core.navigation.focusFirstElement\"\n\t\t>\n\t\t\t\t\t\t\t<button aria-label=\"Sulje valikko\" class=\"wp-block-navigation__responsive-container-close\" \n\t\t\tdata-wp-on--click=\"actions.core.navigation.closeMenuOnClick\"\n\t\t><svg xmlns=\"http:\/\/www.w3.org\/2000\/svg\" viewBox=\"0 0 24 24\" width=\"24\" height=\"24\" aria-hidden=\"true\" focusable=\"false\"><path d=\"M13 11.8l6.1-6.3-1-1-6.1 6.2-6.1-6.2-1 1 6.1 6.3-6.5 6.7 1 1 6.5-6.6 6.5 6.6 1-1z\"><\/path><\/svg><\/button>\n\t\t\t\t\t\t<div class=\"wp-block-navigation__responsive-container-content\" id=\"modal-1-content\">\n\t\t\t\t\t\t\t<ul class=\"wp-block-navigation__container is-responsive items-justified-right wp-block-navigation\"><li class=\" wp-block-navigation-item wp-block-navigation-link\"><a class=\"wp-block-navigation-item__content\"  href=\"https:\/\/www.reipinvesiosuuskunta.fi\/\"><span class=\"wp-block-navigation-item__label\">Etusivu<\/span><\/a><\/li><li data-wp-context=\"{ &quot;core&quot;: { &quot;navigation&quot;: { &quot;submenuOpenedBy&quot;: {}, &quot;type&quot;: &quot;submenu&quot; } } }\" data-wp-effect=\"effects.core.navigation.initMenu\" data-wp-interactive data-wp-on--focusout=\"actions.core.navigation.handleMenuFocusout\" data-wp-on--keydown=\"actions.core.navigation.handleMenuKeydown\" data-wp-on--mouseenter=\"actions.core.navigation.openMenuOnHover\" data-wp-on--mouseleave=\"actions.core.navigation.closeMenuOnHover\" tabindex=\"-1\" class=\" wp-block-navigation-item has-child open-on-hover-click wp-block-navigation-submenu\"><a class=\"wp-block-navigation-item__content\" href=\"https:\/\/www.reipinvesiosuuskunta.fi\/?page_id=41\">Osuuskunta<\/a><button data-wp-bind--aria-expanded=\"selectors.core.navigation.isMenuOpen\" data-wp-on--click=\"actions.core.navigation.toggleMenuOnClick\" aria-label=\"Osuuskunta alavalikko\" class=\"wp-block-navigation__submenu-icon wp-block-navigation-submenu__toggle\" aria-expanded=\"false\"><svg xmlns=\"http:\/\/www.w3.org\/2000\/svg\" width=\"12\" height=\"12\" viewBox=\"0 0 12 12\" fill=\"none\" aria-hidden=\"true\" focusable=\"false\"><path d=\"M1.50002 4L6.00002 8L10.5 4\" stroke-width=\"1.5\"><\/path><\/svg><\/button><ul data-wp-on--focus=\"actions.core.navigation.openMenuOnFocus\" class=\"wp-block-navigation__submenu-container wp-block-navigation-submenu\"><li class=\" wp-block-navigation-item wp-block-navigation-link\"><a class=\"wp-block-navigation-item__content\"  href=\"https:\/\/www.reipinvesiosuuskunta.fi\/?page_id=27\"><span class=\"wp-block-navigation-item__label\">S\u00e4\u00e4nn\u00f6t<\/span><\/a><\/li><li class=\" wp-block-navigation-item wp-block-navigation-link\"><a class=\"wp-block-navigation-item__content\"  href=\"https:\/\/www.reipinvesiosuuskunta.fi\/?page_id=29\"><span class=\"wp-block-navigation-item__label\">Laskutus ja hinnasto<\/span><\/a><\/li><li class=\" wp-block-navigation-item wp-block-navigation-link\"><a class=\"wp-block-navigation-item__content\"  href=\"https:\/\/www.reipinvesiosuuskunta.fi\/?page_id=44\"><span class=\"wp-block-navigation-item__label\">Hallitus<\/span><\/a><\/li><li class=\" wp-block-navigation-item wp-block-navigation-link\"><a class=\"wp-block-navigation-item__content\"  href=\"https:\/\/www.reipinvesiosuuskunta.fi\/?page_id=77\"><span class=\"wp-block-navigation-item__label\">Historia<\/span><\/a><\/li><li class=\" wp-block-navigation-item wp-block-navigation-link\"><a class=\"wp-block-navigation-item__content\"  href=\"https:\/\/www.reipinvesiosuuskunta.fi\/?page_id=79\"><span class=\"wp-block-navigation-item__label\">Tietosuojaseloste<\/span><\/a><\/li><\/ul><\/li><li class=\" wp-block-navigation-item wp-block-navigation-link\"><a class=\"wp-block-navigation-item__content\"  href=\"https:\/\/www.reipinvesiosuuskunta.fi\/?page_id=8\"><span class=\"wp-block-navigation-item__label\">Blogi<\/span><\/a><\/li><li class=\" wp-block-navigation-item wp-block-navigation-link\"><a class=\"wp-block-navigation-item__content\"  href=\"https:\/\/www.reipinvesiosuuskunta.fi\/?page_id=31\"><span class=\"wp-block-navigation-item__label\">Yhteystiedot<\/span><\/a><\/li><li class=\" wp-block-navigation-item wp-block-navigation-link\"><a class=\"wp-block-navigation-item__content\"  href=\"https:\/\/www.reipinvesiosuuskunta.fi\/?page_id=7\"><span class=\"wp-block-navigation-item__label\">Ota yhteytt\u00e4<\/span><\/a><\/li><\/ul>\n\t\t\t\t\t\t<\/div>\n\t\t\t\t\t<\/div>\n\t\t\t\t<\/div>\n\t\t\t<\/div><\/nav><\/div>\n\n\n\n<div class=\"wp-block-cover alignfull\" style=\"margin-top:0;min-height:40vw\"><span aria-hidden=\"true\" class=\"wp-block-cover__background has-black-background-color has-background-dim-0 has-background-dim\"><\/span><img loading=\"lazy\" decoding=\"async\" width=\"640\" height=\"388\" class=\"wp-block-cover__image-background wp-image-94\" alt=\"\" src=\"https:\/\/www.reipinvesiosuuskunta.fi\/wp-content\/uploads\/2023\/08\/vesipisaradrop-545377_640-1.jpg\" data-object-fit=\"cover\" srcset=\"https:\/\/www.reipinvesiosuuskunta.fi\/wp-content\/uploads\/2023\/08\/vesipisaradrop-545377_640-1.jpg 640w, https:\/\/www.reipinvesiosuuskunta.fi\/wp-content\/uploads\/2023\/08\/vesipisaradrop-545377_640-1-300x182.jpg 300w\" sizes=\"(max-width: 640px) 100vw, 640px\" \/><div class=\"wp-block-cover__inner-container is-layout-flow wp-block-cover-is-layout-flow\">\n<div style=\"height:50px\" aria-hidden=\"true\" class=\"wp-block-spacer\"><\/div>\n<\/div><\/div>\n\n\n\n<h2 class=\"wp-block-heading\">Hallitus 2023<\/h2>\n\n\n\n<figure class=\"wp-block-table\"><table><tbody><tr><td>puheenjohtaja<\/td><td>Pirjo Kivel\u00e4<\/td><\/tr><tr><td>varapuheenjohtaja<\/td><td>Jennica Kortesmaa<\/td><\/tr><tr><td>sihteeri<\/td><td>Pasi Ilom\u00e4ki<\/td><\/tr><tr><td>j\u00e4sen<\/td><td>Matti Hakam\u00e4ki<\/td><\/tr><tr><td>j\u00e4sen<\/td><td>Heikki Kastari<\/td><\/tr><tr><td>j\u00e4sen<\/td><td>Matti Koskinen<\/td><\/tr><\/tbody><\/table><\/figure>\n\n\n\n<p>Hallitus 2022<\/p>\n\n\n\n<figure class=\"wp-block-table\"><table><tbody><tr><td>puheenjohtaja<\/td><td>Pirjo Kivel\u00e4<\/td><\/tr><tr><td>varapuheenjohtaja<\/td><td>Seppo Annala<\/td><\/tr><tr><td>sihteeri<\/td><td>Pasi Ilom\u00e4ki<\/td><\/tr><tr><td>j\u00e4sen<\/td><td>Matti Hakam\u00e4ki<\/td><\/tr><tr><td>j\u00e4sen<\/td><td>Jennica Kortesmaa<\/td><\/tr><\/tbody><\/table><\/figure>\n\n\n\n<p>Hallitus 2021<\/p>\n\n\n\n<figure class=\"wp-block-table\"><table><tbody><tr><td>puheenjohtaja<\/td><td>Pirjo Kivel\u00e4<\/td><\/tr><tr><td>varapuheenjohtaja<\/td><td>Seppo Annala<\/td><\/tr><tr><td>sihteeri<\/td><td>Pasi Ilom\u00e4ki<\/td><\/tr><tr><td>j\u00e4sen<\/td><td>Matti Hakam\u00e4ki<\/td><\/tr><tr><td>j\u00e4sen<\/td><td>Risto Rasinen<\/td><\/tr><\/tbody><\/table><\/figure>\n<\/div><\/div>\n","protected":false},"excerpt":{"rendered":"<p>Osuuskunnan hallinnossa ylint\u00e4 p\u00e4\u00e4t\u00e4nt\u00e4valtaa k\u00e4ytt\u00e4\u00e4 j\u00e4senist\u00f6, joka osuuskuntakokouksessa p\u00e4\u00e4tt\u00e4\u00e4 s\u00e4\u00e4nt\u00f6m\u00e4\u00e4r\u00e4isist\u00e4 asioista ja valitsee osuuskunnalle hallituksen. Hallitus puheenjohtaja Pirjo Kivel\u00e4, 041 440 8560 varapuheenjohtaja Jennica Kortesmaa sihteeri Pasi Ilom\u00e4ki j\u00e4sen Matti Hakam\u00e4ki j\u00e4sen Heikki Kastari j\u00e4sen Matti Koskinen Kartat vain hallituksen j\u00e4senille. Hallitus 2023 puheenjohtaja Pirjo Kivel\u00e4 varapuheenjohtaja Jennica Kortesmaa sihteeri Pasi Ilom\u00e4ki j\u00e4sen Matti Hakam\u00e4ki&hellip; <a class=\"more-link\" href=\"https:\/\/www.reipinvesiosuuskunta.fi\/?page_id=44\">Jatka lukemista <span class=\"screen-reader-text\">Hallitus<\/span><\/a><\/p>\n","protected":false},"author":2,"featured_media":0,"parent":5,"menu_order":0,"comment_status":"closed","ping_status":"closed","template":"","meta":{"footnotes":""},"_links":{"self":[{"href":"https:\/\/www.reipinvesiosuuskunta.fi\/index.php?rest_route=\/wp\/v2\/pages\/44"}],"collection":[{"href":"https:\/\/www.reipinvesiosuuskunta.fi\/index.php?rest_route=\/wp\/v2\/pages"}],"about":[{"href":"https:\/\/www.reipinvesiosuuskunta.fi\/index.php?rest_route=\/wp\/v2\/types\/page"}],"author":[{"embeddable":true,"href":"https:\/\/www.reipinvesiosuuskunta.fi\/index.php?rest_route=\/wp\/v2\/users\/2"}],"replies":[{"embeddable":true,"href":"https:\/\/www.reipinvesiosuuskunta.fi\/index.php?rest_route=%2Fwp%2Fv2%2Fcomments&post=44"}],"version-history":[{"count":10,"href":"https:\/\/www.reipinvesiosuuskunta.fi\/index.php?rest_route=\/wp\/v2\/pages\/44\/revisions"}],"predecessor-version":[{"id":146,"href":"https:\/\/www.reipinvesiosuuskunta.fi\/index.php?rest_route=\/wp\/v2\/pages\/44\/revisions\/146"}],"up":[{"embeddable":true,"href":"https:\/\/www.reipinvesiosuuskunta.fi\/index.php?rest_route=\/wp\/v2\/pages\/5"}],"wp:attachment":[{"href":"https:\/\/www.reipinvesiosuuskunta.fi\/index.php?rest_route=%2Fwp%2Fv2%2Fmedia&parent=44"}],"curies":[{"name":"wp","href":"https:\/\/api.w.org\/{rel}","templated":true}]}}